{"id":1913,"date":"2020-10-18T17:30:54","date_gmt":"2020-10-18T13:30:54","guid":{"rendered":"https:\/\/casinoadjara.com\/?page_id=1913"},"modified":"2025-12-05T19:57:36","modified_gmt":"2025-12-05T15:57:36","slug":"home","status":"publish","type":"page","link":"https:\/\/casinoadjara.com\/tr\/","title":{"rendered":"Front Page"},"content":{"rendered":"","protected":false},"excerpt":{"rendered":"","protected":false},"author":1,"featured_media":0,"parent":0,"menu_order":0,"comment_status":"closed","ping_status":"closed","template":"templates\/home.php","meta":{"footnotes":""},"class_list":["post-1913","page","type-page","status-publish","hentry"],"yoast_head":"<!-- This site is optimized with the Yoast SEO plugin v24.8.1 - https:\/\/yoast.com\/wordpress\/plugins\/seo\/ -->\n<title>Casino Adjara Tiflis \u2013 G\u00fcrcistan\u2019daki En \u0130yi Slot ve Masa Oyunlar\u0131n\u0131 Oyna<\/title>\n<meta name=\"description\" content=\"Casino Adjara\u2019n\u0131n canl\u0131 oyun alan\u0131na ad\u0131m at ve y\u00fczlerce son teknoloji slot makinesi, heyecan verici masa oyunlar\u0131, poker ve jackpotlar\u0131 ke\u015ffet. E\u011flenceli, g\u00fcvenli ve heyecan dolu bir casino deneyimi seni Tiflis\u2019in kalbinde bekliyor!\" \/>\n<meta name=\"robots\" content=\"index, follow, max-snippet:-1, max-image-preview:large, max-video-preview:-1\" \/>\n<link rel=\"canonical\" href=\"https:\/\/casinoadjara.com\/tr\/\" \/>\n<meta property=\"og:locale\" content=\"tr_TR\" \/>\n<meta property=\"og:type\" content=\"article\" \/>\n<meta property=\"og:title\" content=\"Casino Adjara Tiflis \u2013 G\u00fcrcistan\u2019daki En \u0130yi Slot ve Masa Oyunlar\u0131n\u0131 Oyna\" \/>\n<meta property=\"og:description\" content=\"Casino Adjara\u2019n\u0131n canl\u0131 oyun alan\u0131na ad\u0131m at ve y\u00fczlerce son teknoloji slot makinesi, heyecan verici masa oyunlar\u0131, poker ve jackpotlar\u0131 ke\u015ffet. E\u011flenceli, g\u00fcvenli ve heyecan dolu bir casino deneyimi seni Tiflis\u2019in kalbinde bekliyor!\" \/>\n<meta property=\"og:url\" content=\"https:\/\/casinoadjara.com\/tr\/\" \/>\n<meta property=\"og:site_name\" content=\"Casino Adjara\" \/>\n<meta property=\"article:modified_time\" content=\"2025-12-05T15:57:36+00:00\" \/>\n<meta name=\"twitter:card\" content=\"summary_large_image\" \/>\n<script type=\"application\/ld+json\" class=\"yoast-schema-graph\">{\"@context\":\"https:\/\/schema.org\",\"@graph\":[{\"@type\":\"WebPage\",\"@id\":\"https:\/\/casinoadjara.com\/tr\/\",\"url\":\"https:\/\/casinoadjara.com\/tr\/\",\"name\":\"Casino Adjara Tiflis \u2013 G\u00fcrcistan\u2019daki En \u0130yi Slot ve Masa Oyunlar\u0131n\u0131 Oyna\",\"isPartOf\":{\"@id\":\"https:\/\/casinoadjara.com\/#website\"},\"datePublished\":\"2020-10-18T13:30:54+00:00\",\"dateModified\":\"2025-12-05T15:57:36+00:00\",\"description\":\"Casino Adjara\u2019n\u0131n canl\u0131 oyun alan\u0131na ad\u0131m at ve y\u00fczlerce son teknoloji slot makinesi, heyecan verici masa oyunlar\u0131, poker ve jackpotlar\u0131 ke\u015ffet. E\u011flenceli, g\u00fcvenli ve heyecan dolu bir casino deneyimi seni Tiflis\u2019in kalbinde bekliyor!\",\"breadcrumb\":{\"@id\":\"https:\/\/casinoadjara.com\/tr\/#breadcrumb\"},\"inLanguage\":\"tr\",\"potentialAction\":[{\"@type\":\"ReadAction\",\"target\":[\"https:\/\/casinoadjara.com\/tr\/\"]}]},{\"@type\":\"BreadcrumbList\",\"@id\":\"https:\/\/casinoadjara.com\/tr\/#breadcrumb\",\"itemListElement\":[{\"@type\":\"ListItem\",\"position\":1,\"name\":\"Ev\",\"item\":\"https:\/\/casinoadjara.com\/tr\/\"},{\"@type\":\"ListItem\",\"position\":2,\"name\":\"Front Page\"}]},{\"@type\":\"WebSite\",\"@id\":\"https:\/\/casinoadjara.com\/#website\",\"url\":\"https:\/\/casinoadjara.com\/\",\"name\":\"Casino Adjara\",\"description\":\"\",\"potentialAction\":[{\"@type\":\"SearchAction\",\"target\":{\"@type\":\"EntryPoint\",\"urlTemplate\":\"https:\/\/casinoadjara.com\/?s={search_term_string}\"},\"query-input\":{\"@type\":\"PropertyValueSpecification\",\"valueRequired\":true,\"valueName\":\"search_term_string\"}}],\"inLanguage\":\"tr\"}]}<\/script>\n<!-- \/ Yoast SEO plugin. -->","yoast_head_json":{"title":"Casino Adjara Tiflis \u2013 G\u00fcrcistan\u2019daki En \u0130yi Slot ve Masa Oyunlar\u0131n\u0131 Oyna","description":"Casino Adjara\u2019n\u0131n canl\u0131 oyun alan\u0131na ad\u0131m at ve y\u00fczlerce son teknoloji slot makinesi, heyecan verici masa oyunlar\u0131, poker ve jackpotlar\u0131 ke\u015ffet. E\u011flenceli, g\u00fcvenli ve heyecan dolu bir casino deneyimi seni Tiflis\u2019in kalbinde bekliyor!","robots":{"index":"index","follow":"follow","max-snippet":"max-snippet:-1","max-image-preview":"max-image-preview:large","max-video-preview":"max-video-preview:-1"},"canonical":"https:\/\/casinoadjara.com\/tr\/","og_locale":"tr_TR","og_type":"article","og_title":"Casino Adjara Tiflis \u2013 G\u00fcrcistan\u2019daki En \u0130yi Slot ve Masa Oyunlar\u0131n\u0131 Oyna","og_description":"Casino Adjara\u2019n\u0131n canl\u0131 oyun alan\u0131na ad\u0131m at ve y\u00fczlerce son teknoloji slot makinesi, heyecan verici masa oyunlar\u0131, poker ve jackpotlar\u0131 ke\u015ffet. E\u011flenceli, g\u00fcvenli ve heyecan dolu bir casino deneyimi seni Tiflis\u2019in kalbinde bekliyor!","og_url":"https:\/\/casinoadjara.com\/tr\/","og_site_name":"Casino Adjara","article_modified_time":"2025-12-05T15:57:36+00:00","twitter_card":"summary_large_image","schema":{"@context":"https:\/\/schema.org","@graph":[{"@type":"WebPage","@id":"https:\/\/casinoadjara.com\/tr\/","url":"https:\/\/casinoadjara.com\/tr\/","name":"Casino Adjara Tiflis \u2013 G\u00fcrcistan\u2019daki En \u0130yi Slot ve Masa Oyunlar\u0131n\u0131 Oyna","isPartOf":{"@id":"https:\/\/casinoadjara.com\/#website"},"datePublished":"2020-10-18T13:30:54+00:00","dateModified":"2025-12-05T15:57:36+00:00","description":"Casino Adjara\u2019n\u0131n canl\u0131 oyun alan\u0131na ad\u0131m at ve y\u00fczlerce son teknoloji slot makinesi, heyecan verici masa oyunlar\u0131, poker ve jackpotlar\u0131 ke\u015ffet. E\u011flenceli, g\u00fcvenli ve heyecan dolu bir casino deneyimi seni Tiflis\u2019in kalbinde bekliyor!","breadcrumb":{"@id":"https:\/\/casinoadjara.com\/tr\/#breadcrumb"},"inLanguage":"tr","potentialAction":[{"@type":"ReadAction","target":["https:\/\/casinoadjara.com\/tr\/"]}]},{"@type":"BreadcrumbList","@id":"https:\/\/casinoadjara.com\/tr\/#breadcrumb","itemListElement":[{"@type":"ListItem","position":1,"name":"Ev","item":"https:\/\/casinoadjara.com\/tr\/"},{"@type":"ListItem","position":2,"name":"Front Page"}]},{"@type":"WebSite","@id":"https:\/\/casinoadjara.com\/#website","url":"https:\/\/casinoadjara.com\/","name":"Casino Adjara","description":"","potentialAction":[{"@type":"SearchAction","target":{"@type":"EntryPoint","urlTemplate":"https:\/\/casinoadjara.com\/?s={search_term_string}"},"query-input":{"@type":"PropertyValueSpecification","valueRequired":true,"valueName":"search_term_string"}}],"inLanguage":"tr"}]}},"_links":{"self":[{"href":"https:\/\/casinoadjara.com\/tr\/wp-json\/wp\/v2\/pages\/1913\/"}],"collection":[{"href":"https:\/\/casinoadjara.com\/tr\/wp-json\/wp\/v2\/pages\/"}],"about":[{"href":"https:\/\/casinoadjara.com\/tr\/wp-json\/wp\/v2\/types\/page\/"}],"author":[{"embeddable":true,"href":"https:\/\/casinoadjara.com\/tr\/wp-json\/wp\/v2\/users\/1\/"}],"replies":[{"embeddable":true,"href":"https:\/\/casinoadjara.com\/tr\/wp-json\/wp\/v2\/comments\/?post=1913"}],"version-history":[{"count":78,"href":"https:\/\/casinoadjara.com\/tr\/wp-json\/wp\/v2\/pages\/1913\/revisions\/"}],"predecessor-version":[{"id":4740,"href":"https:\/\/casinoadjara.com\/tr\/wp-json\/wp\/v2\/pages\/1913\/revisions\/4740\/"}],"wp:attachment":[{"href":"https:\/\/casinoadjara.com\/tr\/wp-json\/wp\/v2\/media\/?parent=1913"}],"curies":[{"name":"wp","href":"https:\/\/api.w.org\/{rel}","templated":true}]}}